{"id":38,"date":"2021-04-28T16:02:38","date_gmt":"2021-04-28T16:02:38","guid":{"rendered":"https:\/\/skiraceasd.it\/?page_id=38"},"modified":"2023-04-21T20:33:25","modified_gmt":"2023-04-21T20:33:25","slug":"mountain-bike","status":"publish","type":"page","link":"https:\/\/skiraceasd.it\/index.php\/mountain-bike\/","title":{"rendered":"Mountain-bike"},"content":{"rendered":"\n<p class=\"has-text-align-left\">Calendario marzo &#8211; maggio 2023<\/p>\n\n\n\n<h6 class=\"wp-block-heading has-text-align-center\"><strong>PARCO DELLA CITTADELLA &#8211; PARMA (PR<\/strong>)<\/h6>\n\n\n\n<div class=\"wp-block-columns is-layout-flex wp-container-core-columns-is-layout-9d6595d7 wp-block-columns-is-layout-flex\">\n<div class=\"wp-block-column is-layout-flow wp-block-column-is-layout-flow\" style=\"flex-basis:100%\">\n<div class=\"wp-block-columns is-layout-flex wp-container-core-columns-is-layout-9d6595d7 wp-block-columns-is-layout-flex\">\n<div class=\"wp-block-column is-layout-flow wp-block-column-is-layout-flow\" style=\"flex-basis:100%\">\n<div class=\"wp-block-columns is-layout-flex wp-container-core-columns-is-layout-9d6595d7 wp-block-columns-is-layout-flex\">\n<div class=\"wp-block-column is-layout-flow wp-block-column-is-layout-flow\" style=\"flex-basis:50%\">\n<div class=\"wp-block-webfactory-map\"><div class=\"wp-block-webfactory-map\"><iframe loading=\"lazy\" width=\"100%\" height=\"300px\" src=\"https:\/\/www.google.com\/maps\/embed\/v1\/place?q=PARCO%20CITTADELLA%2C%20PARMA&amp;maptype=roadmap&amp;zoom=14&amp;key=AIzaSyAjyDspiPfzEfjRSS5fQzm-3jHFjHxeXB4\" frameborder=\"0\"><\/iframe><\/div><\/div>\n<\/div>\n\n\n\n<div class=\"wp-block-column is-layout-flow wp-block-column-is-layout-flow\" style=\"flex-basis:50%\">\n<p><strong>Luned\u00ec<\/strong>: 16.45 &#8211; 17.30<\/p>\n\n\n\n<p><\/p>\n<\/div>\n<\/div>\n<\/div>\n<\/div>\n<\/div>\n<\/div>\n\n\n\n<h6 class=\"wp-block-heading has-text-align-center\"><strong>LOC. SANTA LUCIA &#8211; MEDESANO (PR)<\/strong><\/h6>\n\n\n\n<div class=\"wp-block-columns is-layout-flex wp-container-core-columns-is-layout-9d6595d7 wp-block-columns-is-layout-flex\">\n<div class=\"wp-block-column is-layout-flow wp-block-column-is-layout-flow\" style=\"flex-basis:50%\">\n<div class=\"wp-block-group\"><div class=\"wp-block-group__inner-container is-layout-flow wp-block-group-is-layout-flow\">\n<div class=\"wp-block-webfactory-map\"><div class=\"wp-block-webfactory-map\"><iframe loading=\"lazy\" width=\"100%\" height=\"300px\" src=\"https:\/\/www.google.com\/maps\/embed\/v1\/place?q=Santa%20Lucia%2C%20Medesano%20Parma&amp;maptype=roadmap&amp;zoom=13&amp;key=AIzaSyAjyDspiPfzEfjRSS5fQzm-3jHFjHxeXB4\" frameborder=\"0\"><\/iframe><\/div><\/div>\n<\/div><\/div>\n<\/div>\n\n\n\n<div class=\"wp-block-column is-layout-flow wp-block-column-is-layout-flow\" style=\"flex-basis:50%\">\n<p><strong>Mercoled\u00ec<\/strong>: 16.45 &#8211; 17.30<\/p>\n\n\n\n<p><\/p>\n<\/div>\n<\/div>\n\n\n\n<h6 class=\"wp-block-heading has-text-align-center\"><strong>PARCO DELLE RAGANELLE, BAGANZOLA &#8211; PARMA (PR)<\/strong><\/h6>\n\n\n\n<div class=\"wp-block-columns is-layout-flex wp-container-core-columns-is-layout-9d6595d7 wp-block-columns-is-layout-flex\">\n<div class=\"wp-block-column is-layout-flow wp-block-column-is-layout-flow\" style=\"flex-basis:50%\">\n<div class=\"wp-block-webfactory-map\"><div class=\"wp-block-webfactory-map\"><iframe loading=\"lazy\" width=\"100%\" height=\"300px\" src=\"https:\/\/www.google.com\/maps\/embed\/v1\/place?q=Parco%20delle%20raganelle%2C%20baganzola%2C%20parma&amp;maptype=roadmap&amp;zoom=12&amp;key=AIzaSyAjyDspiPfzEfjRSS5fQzm-3jHFjHxeXB4\" frameborder=\"0\"><\/iframe><\/div><\/div>\n<\/div>\n\n\n\n<div class=\"wp-block-column is-layout-flow wp-block-column-is-layout-flow\" style=\"flex-basis:50%\">\n<p><strong>Gioved\u00ec: <\/strong>16.30 &#8211; 17.15<\/p>\n\n\n\n<p><\/p>\n\n\n\n<h2 class=\"wp-block-heading\"><\/h2>\n<\/div>\n<\/div>\n\n\n\n<h6 class=\"wp-block-heading has-text-align-center\"><strong>PARCO VIA BUDELLUNGO &#8211; PARMA (PR)<\/strong><\/h6>\n\n\n\n<p><\/p>\n\n\n\n<div class=\"wp-block-columns is-layout-flex wp-container-core-columns-is-layout-9d6595d7 wp-block-columns-is-layout-flex\">\n<div class=\"wp-block-column is-layout-flow wp-block-column-is-layout-flow\">\n<div class=\"wp-block-webfactory-map\"><div class=\"wp-block-webfactory-map\"><iframe loading=\"lazy\" width=\"100%\" height=\"300px\" src=\"https:\/\/www.google.com\/maps\/embed\/v1\/place?q=PARCO%20BUDELLUNGO%20PARMA&amp;maptype=roadmap&amp;zoom=14&amp;key=AIzaSyAjyDspiPfzEfjRSS5fQzm-3jHFjHxeXB4\" frameborder=\"0\"><\/iframe><\/div><\/div>\n<\/div>\n\n\n\n<div class=\"wp-block-column is-layout-flow wp-block-column-is-layout-flow\">\n<p><strong>Venerd\u00ec<\/strong>: 16.30 &#8211; 17.15, 17.30 &#8211; 18.15<\/p>\n\n\n\n<p><\/p>\n<\/div>\n<\/div>\n\n\n\n<h6 class=\"wp-block-heading has-text-align-center\"><strong>PARCO V. VERDI &#8211; MONTICELLI TERME (PR)<\/strong><\/h6>\n\n\n\n<div class=\"wp-block-columns is-layout-flex wp-container-core-columns-is-layout-9d6595d7 wp-block-columns-is-layout-flex\">\n<div class=\"wp-block-column is-layout-flow wp-block-column-is-layout-flow\" style=\"flex-basis:50%\">\n<div class=\"wp-block-webfactory-map\"><div class=\"wp-block-webfactory-map\"><iframe loading=\"lazy\" width=\"100%\" height=\"300px\" src=\"https:\/\/www.google.com\/maps\/embed\/v1\/place?q=Via%20Verdi%20Monticelli%20Terme%20(PR)&amp;maptype=roadmap&amp;zoom=17&amp;key=AIzaSyAjyDspiPfzEfjRSS5fQzm-3jHFjHxeXB4\" frameborder=\"0\"><\/iframe><\/div><\/div>\n<\/div>\n\n\n\n<div class=\"wp-block-column is-layout-flow wp-block-column-is-layout-flow\" style=\"flex-basis:50%\">\n<p><strong>Sabato:<\/strong> (baby) 9.00 &#8211; 9.45<\/p>\n\n\n\n<p><strong>ENDURO \/ TRAiL<\/strong><\/p>\n\n\n\n<p>(baby) 11.00 &#8211; 12.30<\/p>\n\n\n\n<p>(grandi) 15.30 &#8211; 17.00<\/p>\n<\/div>\n<\/div>\n\n\n\n<h2 class=\"wp-block-heading has-text-align-center\">TUTTI I SABATI SI SVOLGERANNO CORSI ENDURO \/TRAIL DALLE ORE 11.00 ALLE 12.30 DIFFICOLTA INTERMEDIA E DALLE 15.30 ALLE 17.00 DIFFICOLTA&#8217; AVANZATA.<\/h2>\n\n\n\n<p><\/p>\n\n\n\n<p><\/p>\n\n\n\n<h2 class=\"wp-block-heading has-text-align-center\"><strong><mark style=\"background-color:rgba(0, 0, 0, 0)\" class=\"has-inline-color has-orange-color\"><\/mark><\/strong>VI ASPETTIAMO NUMEROSI!!!<\/h2>\n\n\n\n<p><\/p>\n\n\n\n<div class=\"wp-block-columns is-layout-flex wp-container-core-columns-is-layout-9d6595d7 wp-block-columns-is-layout-flex\">\n<div class=\"wp-block-column is-layout-flow wp-block-column-is-layout-flow\" style=\"flex-basis:50%\">\n<h4 class=\"wp-block-heading\"><strong>PER INFORMAZIONI E PRENOTAZIONI<\/strong><\/h4>\n\n\n\n<h2 class=\"wp-block-heading\"><strong>MIRCO ISTRUTTORE AMIBIKE: 3482455088<\/strong><\/h2>\n\n\n\n<h2 class=\"wp-block-heading\"><strong>CLAUDIA SEGRETERIA: 3408568031<\/strong><\/h2>\n\n\n\n<h2 class=\"wp-block-heading\"><strong>MAIL: skiraceasdparma@gmail.com<\/strong><\/h2>\n<\/div>\n<\/div>\n\n\n\n<p><\/p>\n","protected":false},"excerpt":{"rendered":"<p>Calendario marzo &#8211; maggio 2023 PARCO DELLA CITTADELLA &#8211; PARMA (PR) Luned\u00ec: 16.45 &#8211; 17.30 LOC. SANTA LUCIA &#8211; MEDESANO (PR) Mercoled\u00ec: 16.45 &#8211; 17.30 PARCO DELLE RAGANELLE, BAGANZOLA &#8211; PARMA (PR) Gioved\u00ec: 16.30 &#8211; 17.15 PARCO VIA BUDELLUNGO &#8211; PARMA (PR) Venerd\u00ec: 16.30 &#8211; 17.15, 17.30 &#8211; 18.15 PARCO V. VERDI &#8211; MONTICELLI TERME [&hellip;]<\/p>\n","protected":false},"author":1,"featured_media":475,"parent":0,"menu_order":0,"comment_status":"closed","ping_status":"closed","template":"","meta":{"footnotes":""},"class_list":["post-38","page","type-page","status-publish","has-post-thumbnail","hentry"],"_links":{"self":[{"href":"https:\/\/skiraceasd.it\/index.php\/wp-json\/wp\/v2\/pages\/38","targetHints":{"allow":["GET"]}}],"collection":[{"href":"https:\/\/skiraceasd.it\/index.php\/wp-json\/wp\/v2\/pages"}],"about":[{"href":"https:\/\/skiraceasd.it\/index.php\/wp-json\/wp\/v2\/types\/page"}],"author":[{"embeddable":true,"href":"https:\/\/skiraceasd.it\/index.php\/wp-json\/wp\/v2\/users\/1"}],"replies":[{"embeddable":true,"href":"https:\/\/skiraceasd.it\/index.php\/wp-json\/wp\/v2\/comments?post=38"}],"version-history":[{"count":19,"href":"https:\/\/skiraceasd.it\/index.php\/wp-json\/wp\/v2\/pages\/38\/revisions"}],"predecessor-version":[{"id":504,"href":"https:\/\/skiraceasd.it\/index.php\/wp-json\/wp\/v2\/pages\/38\/revisions\/504"}],"wp:featuredmedia":[{"embeddable":true,"href":"https:\/\/skiraceasd.it\/index.php\/wp-json\/wp\/v2\/media\/475"}],"wp:attachment":[{"href":"https:\/\/skiraceasd.it\/index.php\/wp-json\/wp\/v2\/media?parent=38"}],"curies":[{"name":"wp","href":"https:\/\/api.w.org\/{rel}","templated":true}]}}